{"id":15231,"date":"2015-02-19T21:17:31","date_gmt":"2015-02-19T21:17:31","guid":{"rendered":"http:\/\/uniconxml.mintithemes.com\/?page_id=15231"},"modified":"2026-04-23T11:18:08","modified_gmt":"2026-04-23T11:18:08","slug":"home-landing-page","status":"publish","type":"page","link":"https:\/\/nueva.boixgroup.com\/","title":{"rendered":"Home: Landing Page"},"content":{"rendered":"\n\n\n\n\n\n\n\n\n\n\n\n\n\n\n\n\n\n\n\n\n\n\n\n\n\n\n\n\n\n\n\n\n\n\n\n\n\n\n\n\n\n\n\n\n\n\n\n\n\n\n\n\n\n\n\n\n\n\n\n\n\n\n\n\n\n\n\n\n\n\n\n\n\n\n\n\n\n\n\n\n\n\n\n\n\n\n\n\n\n","protected":false},"excerpt":{"rendered":"","protected":false},"author":1,"featured_media":15470,"parent":0,"menu_order":0,"comment_status":"open","ping_status":"open","template":"","meta":{"footnotes":""},"class_list":["post-15231","page","type-page","status-publish","has-post-thumbnail","hentry"],"yoast_head":"<!-- This site is optimized with the Yoast SEO plugin v27.4 - https:\/\/yoast.com\/product\/yoast-seo-wordpress\/ -->\n<title>Home: Landing Page - Boix Group<\/title>\n<meta name=\"robots\" content=\"noindex, follow, max-snippet:-1, max-image-preview:large, max-video-preview:-1\" \/>\n<meta property=\"og:locale\" content=\"es_ES\" \/>\n<meta property=\"og:type\" content=\"article\" \/>\n<meta property=\"og:title\" content=\"Home: Landing Page - Boix Group\" \/>\n<meta property=\"og:url\" content=\"https:\/\/nueva.boixgroup.com\/\" \/>\n<meta property=\"og:site_name\" content=\"Boix Group\" \/>\n<meta property=\"article:publisher\" content=\"https:\/\/www.facebook.com\/boixgroup\" \/>\n<meta property=\"article:modified_time\" content=\"2026-04-23T11:18:08+00:00\" \/>\n<meta property=\"og:image\" content=\"https:\/\/nueva.boixgroup.com\/wp-content\/uploads\/2022\/01\/BoixGroup_030122-75-scaled.jpg\" \/>\n\t<meta property=\"og:image:width\" content=\"2560\" \/>\n\t<meta property=\"og:image:height\" content=\"1707\" \/>\n\t<meta property=\"og:image:type\" content=\"image\/jpeg\" \/>\n<meta name=\"twitter:card\" content=\"summary_large_image\" \/>\n<script type=\"application\/ld+json\" class=\"yoast-schema-graph\">{\"@context\":\"https:\\\/\\\/schema.org\",\"@graph\":[{\"@type\":\"WebPage\",\"@id\":\"https:\\\/\\\/nueva.boixgroup.com\\\/\",\"url\":\"https:\\\/\\\/nueva.boixgroup.com\\\/\",\"name\":\"Home: Landing Page - Boix Group\",\"isPartOf\":{\"@id\":\"https:\\\/\\\/nueva.boixgroup.com\\\/#website\"},\"primaryImageOfPage\":{\"@id\":\"https:\\\/\\\/nueva.boixgroup.com\\\/#primaryimage\"},\"image\":{\"@id\":\"https:\\\/\\\/nueva.boixgroup.com\\\/#primaryimage\"},\"thumbnailUrl\":\"https:\\\/\\\/nueva.boixgroup.com\\\/wp-content\\\/uploads\\\/2022\\\/01\\\/BoixGroup_030122-75-scaled.jpg\",\"datePublished\":\"2015-02-19T21:17:31+00:00\",\"dateModified\":\"2026-04-23T11:18:08+00:00\",\"breadcrumb\":{\"@id\":\"https:\\\/\\\/nueva.boixgroup.com\\\/#breadcrumb\"},\"inLanguage\":\"es\",\"potentialAction\":[{\"@type\":\"ReadAction\",\"target\":[\"https:\\\/\\\/nueva.boixgroup.com\\\/\"]}]},{\"@type\":\"ImageObject\",\"inLanguage\":\"es\",\"@id\":\"https:\\\/\\\/nueva.boixgroup.com\\\/#primaryimage\",\"url\":\"https:\\\/\\\/nueva.boixgroup.com\\\/wp-content\\\/uploads\\\/2022\\\/01\\\/BoixGroup_030122-75-scaled.jpg\",\"contentUrl\":\"https:\\\/\\\/nueva.boixgroup.com\\\/wp-content\\\/uploads\\\/2022\\\/01\\\/BoixGroup_030122-75-scaled.jpg\",\"width\":2560,\"height\":1707},{\"@type\":\"BreadcrumbList\",\"@id\":\"https:\\\/\\\/nueva.boixgroup.com\\\/#breadcrumb\",\"itemListElement\":[{\"@type\":\"ListItem\",\"position\":1,\"name\":\"Portada\",\"item\":\"https:\\\/\\\/nueva.boixgroup.com\\\/\"},{\"@type\":\"ListItem\",\"position\":2,\"name\":\"Home: Landing Page\"}]},{\"@type\":\"WebSite\",\"@id\":\"https:\\\/\\\/nueva.boixgroup.com\\\/#website\",\"url\":\"https:\\\/\\\/nueva.boixgroup.com\\\/\",\"name\":\"BOIX GROUP\",\"description\":\"Somos abogados, asesores y consultores pol\u00edticos implicados en el desarrollo personal y profesional desde la formaci\u00f3n, la comunicaci\u00f3n y el coworking como herramientas de crecimiento y expansi\u00f3n\",\"publisher\":{\"@id\":\"https:\\\/\\\/nueva.boixgroup.com\\\/#organization\"},\"alternateName\":\"Boixgroup\",\"potentialAction\":[{\"@type\":\"SearchAction\",\"target\":{\"@type\":\"EntryPoint\",\"urlTemplate\":\"https:\\\/\\\/nueva.boixgroup.com\\\/?s={search_term_string}\"},\"query-input\":{\"@type\":\"PropertyValueSpecification\",\"valueRequired\":true,\"valueName\":\"search_term_string\"}}],\"inLanguage\":\"es\"},{\"@type\":\"Organization\",\"@id\":\"https:\\\/\\\/nueva.boixgroup.com\\\/#organization\",\"name\":\"Boixgroup, SL\",\"alternateName\":\"BOIX GROUP\",\"url\":\"https:\\\/\\\/nueva.boixgroup.com\\\/\",\"logo\":{\"@type\":\"ImageObject\",\"inLanguage\":\"es\",\"@id\":\"https:\\\/\\\/nueva.boixgroup.com\\\/#\\\/schema\\\/logo\\\/image\\\/\",\"url\":\"https:\\\/\\\/nueva.boixgroup.com\\\/wp-content\\\/uploads\\\/2021\\\/12\\\/cropped-cropped-Anagrama-web.png\",\"contentUrl\":\"https:\\\/\\\/nueva.boixgroup.com\\\/wp-content\\\/uploads\\\/2021\\\/12\\\/cropped-cropped-Anagrama-web.png\",\"width\":512,\"height\":512,\"caption\":\"Boixgroup, SL\"},\"image\":{\"@id\":\"https:\\\/\\\/nueva.boixgroup.com\\\/#\\\/schema\\\/logo\\\/image\\\/\"},\"sameAs\":[\"https:\\\/\\\/www.facebook.com\\\/boixgroup\",\"https:\\\/\\\/www.instagram.com\\\/boixgroup\\\/\"]}]}<\/script>\n<!-- \/ Yoast SEO plugin. -->","yoast_head_json":{"title":"Home: Landing Page - Boix Group","robots":{"index":"noindex","follow":"follow","max-snippet":"max-snippet:-1","max-image-preview":"max-image-preview:large","max-video-preview":"max-video-preview:-1"},"og_locale":"es_ES","og_type":"article","og_title":"Home: Landing Page - Boix Group","og_url":"https:\/\/nueva.boixgroup.com\/","og_site_name":"Boix Group","article_publisher":"https:\/\/www.facebook.com\/boixgroup","article_modified_time":"2026-04-23T11:18:08+00:00","og_image":[{"width":2560,"height":1707,"url":"https:\/\/nueva.boixgroup.com\/wp-content\/uploads\/2022\/01\/BoixGroup_030122-75-scaled.jpg","type":"image\/jpeg"}],"twitter_card":"summary_large_image","schema":{"@context":"https:\/\/schema.org","@graph":[{"@type":"WebPage","@id":"https:\/\/nueva.boixgroup.com\/","url":"https:\/\/nueva.boixgroup.com\/","name":"Home: Landing Page - Boix Group","isPartOf":{"@id":"https:\/\/nueva.boixgroup.com\/#website"},"primaryImageOfPage":{"@id":"https:\/\/nueva.boixgroup.com\/#primaryimage"},"image":{"@id":"https:\/\/nueva.boixgroup.com\/#primaryimage"},"thumbnailUrl":"https:\/\/nueva.boixgroup.com\/wp-content\/uploads\/2022\/01\/BoixGroup_030122-75-scaled.jpg","datePublished":"2015-02-19T21:17:31+00:00","dateModified":"2026-04-23T11:18:08+00:00","breadcrumb":{"@id":"https:\/\/nueva.boixgroup.com\/#breadcrumb"},"inLanguage":"es","potentialAction":[{"@type":"ReadAction","target":["https:\/\/nueva.boixgroup.com\/"]}]},{"@type":"ImageObject","inLanguage":"es","@id":"https:\/\/nueva.boixgroup.com\/#primaryimage","url":"https:\/\/nueva.boixgroup.com\/wp-content\/uploads\/2022\/01\/BoixGroup_030122-75-scaled.jpg","contentUrl":"https:\/\/nueva.boixgroup.com\/wp-content\/uploads\/2022\/01\/BoixGroup_030122-75-scaled.jpg","width":2560,"height":1707},{"@type":"BreadcrumbList","@id":"https:\/\/nueva.boixgroup.com\/#breadcrumb","itemListElement":[{"@type":"ListItem","position":1,"name":"Portada","item":"https:\/\/nueva.boixgroup.com\/"},{"@type":"ListItem","position":2,"name":"Home: Landing Page"}]},{"@type":"WebSite","@id":"https:\/\/nueva.boixgroup.com\/#website","url":"https:\/\/nueva.boixgroup.com\/","name":"BOIX GROUP","description":"Somos abogados, asesores y consultores pol\u00edticos implicados en el desarrollo personal y profesional desde la formaci\u00f3n, la comunicaci\u00f3n y el coworking como herramientas de crecimiento y expansi\u00f3n","publisher":{"@id":"https:\/\/nueva.boixgroup.com\/#organization"},"alternateName":"Boixgroup","potentialAction":[{"@type":"SearchAction","target":{"@type":"EntryPoint","urlTemplate":"https:\/\/nueva.boixgroup.com\/?s={search_term_string}"},"query-input":{"@type":"PropertyValueSpecification","valueRequired":true,"valueName":"search_term_string"}}],"inLanguage":"es"},{"@type":"Organization","@id":"https:\/\/nueva.boixgroup.com\/#organization","name":"Boixgroup, SL","alternateName":"BOIX GROUP","url":"https:\/\/nueva.boixgroup.com\/","logo":{"@type":"ImageObject","inLanguage":"es","@id":"https:\/\/nueva.boixgroup.com\/#\/schema\/logo\/image\/","url":"https:\/\/nueva.boixgroup.com\/wp-content\/uploads\/2021\/12\/cropped-cropped-Anagrama-web.png","contentUrl":"https:\/\/nueva.boixgroup.com\/wp-content\/uploads\/2021\/12\/cropped-cropped-Anagrama-web.png","width":512,"height":512,"caption":"Boixgroup, SL"},"image":{"@id":"https:\/\/nueva.boixgroup.com\/#\/schema\/logo\/image\/"},"sameAs":["https:\/\/www.facebook.com\/boixgroup","https:\/\/www.instagram.com\/boixgroup\/"]}]}},"_links":{"self":[{"href":"https:\/\/nueva.boixgroup.com\/index.php?rest_route=\/wp\/v2\/pages\/15231","targetHints":{"allow":["GET"]}}],"collection":[{"href":"https:\/\/nueva.boixgroup.com\/index.php?rest_route=\/wp\/v2\/pages"}],"about":[{"href":"https:\/\/nueva.boixgroup.com\/index.php?rest_route=\/wp\/v2\/types\/page"}],"author":[{"embeddable":true,"href":"https:\/\/nueva.boixgroup.com\/index.php?rest_route=\/wp\/v2\/users\/1"}],"replies":[{"embeddable":true,"href":"https:\/\/nueva.boixgroup.com\/index.php?rest_route=%2Fwp%2Fv2%2Fcomments&post=15231"}],"version-history":[{"count":10,"href":"https:\/\/nueva.boixgroup.com\/index.php?rest_route=\/wp\/v2\/pages\/15231\/revisions"}],"predecessor-version":[{"id":16165,"href":"https:\/\/nueva.boixgroup.com\/index.php?rest_route=\/wp\/v2\/pages\/15231\/revisions\/16165"}],"wp:featuredmedia":[{"embeddable":true,"href":"https:\/\/nueva.boixgroup.com\/index.php?rest_route=\/wp\/v2\/media\/15470"}],"wp:attachment":[{"href":"https:\/\/nueva.boixgroup.com\/index.php?rest_route=%2Fwp%2Fv2%2Fmedia&parent=15231"}],"curies":[{"name":"wp","href":"https:\/\/api.w.org\/{rel}","templated":true}]}}